{"id":135,"date":"2023-08-15T15:09:03","date_gmt":"2023-08-15T18:09:03","guid":{"rendered":"https:\/\/urutaudev.com.br\/?page_id=135"},"modified":"2023-08-15T16:12:17","modified_gmt":"2023-08-15T19:12:17","slug":"sobre","status":"publish","type":"page","link":"https:\/\/urutaudev.com.br\/index.php\/sobre\/","title":{"rendered":"Sobre"},"content":{"rendered":"<h1><\/h1>\n<p><span style=\"font-size: 14pt;\">Este site \u00e9 dedicado a divulgar tutoriais e dicas sobre tecnologia, desenvolvimento de aplica\u00e7\u00f5es, ideias de Web Design, Desenvolvimento de Jogos e muito mais!<\/span><\/p>\n<p>&nbsp;<\/p>\n<h2>Redes socias:<\/h2>\n<ul>\n<li><a href=\"https:\/\/twitter.com\/CarmoJunior9\" target=\"_blank\" rel=\"noopener\">twitter<\/a><\/li>\n<li><a href=\"https:\/\/www.instagram.com\/urutautec\/\" target=\"_blank\" rel=\"noopener\">instagram<\/a><\/li>\n<li><a href=\"https:\/\/www.youtube.com\/@jrdevcj\" target=\"_blank\" rel=\"noopener\">youtube<\/a><\/li>\n<\/ul>\n","protected":false},"excerpt":{"rendered":"<p>Este site \u00e9 dedicado a divulgar tutoriais e dicas sobre tecnologia, desenvolvimento de aplica\u00e7\u00f5es, ideias de Web Design, Desenvolvimento de<\/p>\n","protected":false},"author":1,"featured_media":0,"parent":0,"menu_order":0,"comment_status":"closed","ping_status":"closed","template":"","meta":{"colormag_page_container_layout":"default_layout","colormag_page_sidebar_layout":"default_layout","footnotes":""},"class_list":["post-135","page","type-page","status-publish","hentry"],"yoast_head":"<!-- This site is optimized with the Yoast SEO plugin v27.5 - https:\/\/yoast.com\/product\/yoast-seo-wordpress\/ -->\n<title>Sobre - UrutauDev<\/title>\n<meta name=\"description\" content=\"Este site \u00e9 dedicado a divulgar tutoriais e dicas sobre tecnologia, desenvolvimento de aplica\u00e7\u00f5es, ideias de Web Design, Desenvolvimento de Jogos e muito mais!\" \/>\n<meta name=\"robots\" content=\"index, follow, max-snippet:-1, max-image-preview:large, max-video-preview:-1\" \/>\n<link rel=\"canonical\" href=\"https:\/\/urutaudev.com.br\/index.php\/sobre\/\" \/>\n<meta property=\"og:locale\" content=\"en_US\" \/>\n<meta property=\"og:type\" content=\"article\" \/>\n<meta property=\"og:title\" content=\"Sobre - UrutauDev\" \/>\n<meta property=\"og:description\" content=\"Este site \u00e9 dedicado a divulgar tutoriais e dicas sobre tecnologia, desenvolvimento de aplica\u00e7\u00f5es, ideias de Web Design, Desenvolvimento de Jogos e muito mais!\" \/>\n<meta property=\"og:url\" content=\"https:\/\/urutaudev.com.br\/index.php\/sobre\/\" \/>\n<meta property=\"og:site_name\" content=\"UrutauDev\" \/>\n<meta property=\"article:modified_time\" content=\"2023-08-15T19:12:17+00:00\" \/>\n<meta name=\"twitter:card\" content=\"summary_large_image\" \/>\n<meta name=\"twitter:label1\" content=\"Est. reading time\" \/>\n\t<meta name=\"twitter:data1\" content=\"1 minute\" \/>\n<script type=\"application\/ld+json\" class=\"yoast-schema-graph\">{\"@context\":\"https:\\\/\\\/schema.org\",\"@graph\":[{\"@type\":\"WebPage\",\"@id\":\"https:\\\/\\\/urutaudev.com.br\\\/index.php\\\/sobre\\\/\",\"url\":\"https:\\\/\\\/urutaudev.com.br\\\/index.php\\\/sobre\\\/\",\"name\":\"Sobre - UrutauDev\",\"isPartOf\":{\"@id\":\"https:\\\/\\\/urutaudev.com.br\\\/#website\"},\"datePublished\":\"2023-08-15T18:09:03+00:00\",\"dateModified\":\"2023-08-15T19:12:17+00:00\",\"description\":\"Este site \u00e9 dedicado a divulgar tutoriais e dicas sobre tecnologia, desenvolvimento de aplica\u00e7\u00f5es, ideias de Web Design, Desenvolvimento de Jogos e muito mais!\",\"breadcrumb\":{\"@id\":\"https:\\\/\\\/urutaudev.com.br\\\/index.php\\\/sobre\\\/#breadcrumb\"},\"inLanguage\":\"en-US\",\"potentialAction\":[{\"@type\":\"ReadAction\",\"target\":[\"https:\\\/\\\/urutaudev.com.br\\\/index.php\\\/sobre\\\/\"]}]},{\"@type\":\"BreadcrumbList\",\"@id\":\"https:\\\/\\\/urutaudev.com.br\\\/index.php\\\/sobre\\\/#breadcrumb\",\"itemListElement\":[{\"@type\":\"ListItem\",\"position\":1,\"name\":\"In\u00edcio\",\"item\":\"https:\\\/\\\/urutaudev.com.br\\\/\"},{\"@type\":\"ListItem\",\"position\":2,\"name\":\"Sobre\"}]},{\"@type\":\"WebSite\",\"@id\":\"https:\\\/\\\/urutaudev.com.br\\\/#website\",\"url\":\"https:\\\/\\\/urutaudev.com.br\\\/\",\"name\":\"UrutauDev\",\"description\":\"\",\"publisher\":{\"@id\":\"https:\\\/\\\/urutaudev.com.br\\\/#organization\"},\"potentialAction\":[{\"@type\":\"SearchAction\",\"target\":{\"@type\":\"EntryPoint\",\"urlTemplate\":\"https:\\\/\\\/urutaudev.com.br\\\/?s={search_term_string}\"},\"query-input\":{\"@type\":\"PropertyValueSpecification\",\"valueRequired\":true,\"valueName\":\"search_term_string\"}}],\"inLanguage\":\"en-US\"},{\"@type\":\"Organization\",\"@id\":\"https:\\\/\\\/urutaudev.com.br\\\/#organization\",\"name\":\"UrutauDev\",\"url\":\"https:\\\/\\\/urutaudev.com.br\\\/\",\"logo\":{\"@type\":\"ImageObject\",\"inLanguage\":\"en-US\",\"@id\":\"https:\\\/\\\/urutaudev.com.br\\\/#\\\/schema\\\/logo\\\/image\\\/\",\"url\":\"https:\\\/\\\/urutaudev.com.br\\\/wp-content\\\/uploads\\\/2023\\\/08\\\/cropped-urutau-dev-logo.png\",\"contentUrl\":\"https:\\\/\\\/urutaudev.com.br\\\/wp-content\\\/uploads\\\/2023\\\/08\\\/cropped-urutau-dev-logo.png\",\"width\":100,\"height\":84,\"caption\":\"UrutauDev\"},\"image\":{\"@id\":\"https:\\\/\\\/urutaudev.com.br\\\/#\\\/schema\\\/logo\\\/image\\\/\"}}]}<\/script>\n<!-- \/ Yoast SEO plugin. -->","yoast_head_json":{"title":"Sobre - UrutauDev","description":"Este site \u00e9 dedicado a divulgar tutoriais e dicas sobre tecnologia, desenvolvimento de aplica\u00e7\u00f5es, ideias de Web Design, Desenvolvimento de Jogos e muito mais!","robots":{"index":"index","follow":"follow","max-snippet":"max-snippet:-1","max-image-preview":"max-image-preview:large","max-video-preview":"max-video-preview:-1"},"canonical":"https:\/\/urutaudev.com.br\/index.php\/sobre\/","og_locale":"en_US","og_type":"article","og_title":"Sobre - UrutauDev","og_description":"Este site \u00e9 dedicado a divulgar tutoriais e dicas sobre tecnologia, desenvolvimento de aplica\u00e7\u00f5es, ideias de Web Design, Desenvolvimento de Jogos e muito mais!","og_url":"https:\/\/urutaudev.com.br\/index.php\/sobre\/","og_site_name":"UrutauDev","article_modified_time":"2023-08-15T19:12:17+00:00","twitter_card":"summary_large_image","twitter_misc":{"Est. reading time":"1 minute"},"schema":{"@context":"https:\/\/schema.org","@graph":[{"@type":"WebPage","@id":"https:\/\/urutaudev.com.br\/index.php\/sobre\/","url":"https:\/\/urutaudev.com.br\/index.php\/sobre\/","name":"Sobre - UrutauDev","isPartOf":{"@id":"https:\/\/urutaudev.com.br\/#website"},"datePublished":"2023-08-15T18:09:03+00:00","dateModified":"2023-08-15T19:12:17+00:00","description":"Este site \u00e9 dedicado a divulgar tutoriais e dicas sobre tecnologia, desenvolvimento de aplica\u00e7\u00f5es, ideias de Web Design, Desenvolvimento de Jogos e muito mais!","breadcrumb":{"@id":"https:\/\/urutaudev.com.br\/index.php\/sobre\/#breadcrumb"},"inLanguage":"en-US","potentialAction":[{"@type":"ReadAction","target":["https:\/\/urutaudev.com.br\/index.php\/sobre\/"]}]},{"@type":"BreadcrumbList","@id":"https:\/\/urutaudev.com.br\/index.php\/sobre\/#breadcrumb","itemListElement":[{"@type":"ListItem","position":1,"name":"In\u00edcio","item":"https:\/\/urutaudev.com.br\/"},{"@type":"ListItem","position":2,"name":"Sobre"}]},{"@type":"WebSite","@id":"https:\/\/urutaudev.com.br\/#website","url":"https:\/\/urutaudev.com.br\/","name":"UrutauDev","description":"","publisher":{"@id":"https:\/\/urutaudev.com.br\/#organization"},"potentialAction":[{"@type":"SearchAction","target":{"@type":"EntryPoint","urlTemplate":"https:\/\/urutaudev.com.br\/?s={search_term_string}"},"query-input":{"@type":"PropertyValueSpecification","valueRequired":true,"valueName":"search_term_string"}}],"inLanguage":"en-US"},{"@type":"Organization","@id":"https:\/\/urutaudev.com.br\/#organization","name":"UrutauDev","url":"https:\/\/urutaudev.com.br\/","logo":{"@type":"ImageObject","inLanguage":"en-US","@id":"https:\/\/urutaudev.com.br\/#\/schema\/logo\/image\/","url":"https:\/\/urutaudev.com.br\/wp-content\/uploads\/2023\/08\/cropped-urutau-dev-logo.png","contentUrl":"https:\/\/urutaudev.com.br\/wp-content\/uploads\/2023\/08\/cropped-urutau-dev-logo.png","width":100,"height":84,"caption":"UrutauDev"},"image":{"@id":"https:\/\/urutaudev.com.br\/#\/schema\/logo\/image\/"}}]}},"_links":{"self":[{"href":"https:\/\/urutaudev.com.br\/index.php\/wp-json\/wp\/v2\/pages\/135","targetHints":{"allow":["GET"]}}],"collection":[{"href":"https:\/\/urutaudev.com.br\/index.php\/wp-json\/wp\/v2\/pages"}],"about":[{"href":"https:\/\/urutaudev.com.br\/index.php\/wp-json\/wp\/v2\/types\/page"}],"author":[{"embeddable":true,"href":"https:\/\/urutaudev.com.br\/index.php\/wp-json\/wp\/v2\/users\/1"}],"replies":[{"embeddable":true,"href":"https:\/\/urutaudev.com.br\/index.php\/wp-json\/wp\/v2\/comments?post=135"}],"version-history":[{"count":2,"href":"https:\/\/urutaudev.com.br\/index.php\/wp-json\/wp\/v2\/pages\/135\/revisions"}],"predecessor-version":[{"id":152,"href":"https:\/\/urutaudev.com.br\/index.php\/wp-json\/wp\/v2\/pages\/135\/revisions\/152"}],"wp:attachment":[{"href":"https:\/\/urutaudev.com.br\/index.php\/wp-json\/wp\/v2\/media?parent=135"}],"curies":[{"name":"wp","href":"https:\/\/api.w.org\/{rel}","templated":true}]}}