{"id":170,"date":"2023-09-16T20:21:53","date_gmt":"2023-09-16T23:21:53","guid":{"rendered":"https:\/\/urutaudev.com.br\/?page_id=170"},"modified":"2025-05-31T22:27:28","modified_gmt":"2025-06-01T01:27:28","slug":"aplicativos","status":"publish","type":"page","link":"https:\/\/urutaudev.com.br\/index.php\/aplicativos\/","title":{"rendered":"Aplicativos"},"content":{"rendered":"<h1><span style=\"font-size: 36pt; font-family: arial, helvetica, sans-serif;\">Aplicativos<\/span><\/h1>\n<p><span style=\"font-size: 14pt; font-family: arial, helvetica, sans-serif;\">Explore uma cole\u00e7\u00e3o de aplicativos, cada um desenvolvido durante os v\u00eddeos e tutoriais. Aqui, voc\u00ea encontrar\u00e1 uma variedade de ferramentas pr\u00e1ticas e projetos para melhorar seu aprendizado com programa\u00e7\u00e3o, todos criados no intuito de melhorar meu conhecimento e aprimorar minhas habilidades. No site voc\u00ea encontrara o c\u00f3digo fonte que utilizei para implementar as ferramentas abaixo.<\/span><\/p>\n<p>&nbsp;<\/p>\n<p>&nbsp;<\/p>\n<table style=\"border-collapse: collapse; width: 100%;\">\n<thead>\n<tr>\n<th colspan=\"3\">Aplicativos<\/th>\n<\/tr>\n<\/thead>\n<tbody>\n<tr>\n<td style=\"width: 33.3333%; text-align: center;\"><span style=\"font-family: arial, helvetica, sans-serif; font-size: 12pt;\"><strong>Pomodoro APP<\/strong><\/span><\/p>\n<p><img loading=\"lazy\" decoding=\"async\" class=\"alignnone wp-image-371\" src=\"https:\/\/urutaudev.com.br\/wp-content\/uploads\/2024\/07\/imagem_2024-07-10_191220580-300x241.png\" alt=\"pomodoro\" width=\"199\" height=\"160\" srcset=\"https:\/\/urutaudev.com.br\/wp-content\/uploads\/2024\/07\/imagem_2024-07-10_191220580-300x241.png 300w, https:\/\/urutaudev.com.br\/wp-content\/uploads\/2024\/07\/imagem_2024-07-10_191220580.png 541w\" sizes=\"auto, (max-width: 199px) 100vw, 199px\" \/><\/p>\n<p><a href=\"https:\/\/urutaudev.com.br\/aplicativos\/pomodoro-app\/\">Pomodoro App<\/a><\/td>\n<td style=\"width: 33.3333%; text-align: center;\"><span style=\"font-size: 12pt;\"><strong>Calend\u00e1rio Estilizado<\/strong><\/span><\/p>\n<p><img loading=\"lazy\" decoding=\"async\" class=\"alignnone wp-image-368\" src=\"https:\/\/urutaudev.com.br\/wp-content\/uploads\/2024\/07\/calendario-estilizado-300x206.jpg\" alt=\"calendario-estilizado\" width=\"233\" height=\"160\" srcset=\"https:\/\/urutaudev.com.br\/wp-content\/uploads\/2024\/07\/calendario-estilizado-300x206.jpg 300w, https:\/\/urutaudev.com.br\/wp-content\/uploads\/2024\/07\/calendario-estilizado-130x90.jpg 130w, https:\/\/urutaudev.com.br\/wp-content\/uploads\/2024\/07\/calendario-estilizado.jpg 593w\" sizes=\"auto, (max-width: 233px) 100vw, 233px\" \/><\/p>\n<p><a href=\"https:\/\/urutaudev.com.br\/aplicativos\/calendario-estilizado\/\">Calend\u00e1rio Estilizado<\/a><\/td>\n<td style=\"width: 33.3333%; text-align: center;\"><span style=\"font-family: arial, helvetica, sans-serif; font-size: 12pt;\"><strong>Conversor Algarismo Romanos<\/strong><\/span><\/p>\n<p><img loading=\"lazy\" decoding=\"async\" class=\"wp-image-717\" src=\"https:\/\/urutaudev.com.br\/wp-content\/uploads\/2024\/10\/imagem_2024-10-30_195450646-300x140.png\" alt=\"Convertendo N\u00fameros para Algarismos Romanos em Javascript\" width=\"295\" height=\"138\" srcset=\"https:\/\/urutaudev.com.br\/wp-content\/uploads\/2024\/10\/imagem_2024-10-30_195450646-300x140.png 300w, https:\/\/urutaudev.com.br\/wp-content\/uploads\/2024\/10\/imagem_2024-10-30_195450646-1024x479.png 1024w, https:\/\/urutaudev.com.br\/wp-content\/uploads\/2024\/10\/imagem_2024-10-30_195450646-768x360.png 768w, https:\/\/urutaudev.com.br\/wp-content\/uploads\/2024\/10\/imagem_2024-10-30_195450646.png 1256w\" sizes=\"auto, (max-width: 295px) 100vw, 295px\" \/><\/p>\n<p><a href=\"https:\/\/urutaudev.com.br\/aplicativos\/convert-roman-numerals\/\">Conversor Algarismos Romanos<\/a><\/td>\n<\/tr>\n<tr>\n<td style=\"width: 33.3333%; text-align: center;\"><span style=\"font-family: arial, helvetica, sans-serif; font-size: 12pt;\"><strong>Cripto DashBoard<\/strong><\/span><\/p>\n<p><img loading=\"lazy\" decoding=\"async\" class=\"alignnone wp-image-371\" src=\"https:\/\/urutaudev.com.br\/wp-content\/uploads\/2024\/11\/dash-300x142.jpg\" alt=\"Cripto DashBoard\" width=\"269\" height=\"127\" \/><\/p>\n<p><a href=\"https:\/\/urutaudev.com.br\/aplicativos\/cripto-dasboard\/\">Cripto DashBoard<\/a><\/td>\n<td style=\"width: 33.3333%; text-align: center;\"><span style=\"font-family: arial, helvetica, sans-serif; font-size: 12pt;\"><strong>UI Loading Animations Gallery<\/strong><\/span><\/p>\n<p><img loading=\"lazy\" decoding=\"async\" class=\"alignnone wp-image-1025\" src=\"https:\/\/urutaudev.com.br\/wp-content\/uploads\/2025\/05\/UI-Loading-Animations-300x215.png\" alt=\"UI Loading Animations\" width=\"233\" height=\"167\" srcset=\"https:\/\/urutaudev.com.br\/wp-content\/uploads\/2025\/05\/UI-Loading-Animations-300x215.png 300w, https:\/\/urutaudev.com.br\/wp-content\/uploads\/2025\/05\/UI-Loading-Animations-1024x734.png 1024w, https:\/\/urutaudev.com.br\/wp-content\/uploads\/2025\/05\/UI-Loading-Animations-768x551.png 768w, https:\/\/urutaudev.com.br\/wp-content\/uploads\/2025\/05\/UI-Loading-Animations.png 1135w\" sizes=\"auto, (max-width: 233px) 100vw, 233px\" \/><br \/>\n<a href=\"https:\/\/urutaudev.com.br\/aplicativos\/ui-loading-animations\/\">UI Loading Animations<\/a><\/td>\n<td style=\"width: 33.3333%; text-align: center;\"><\/td>\n<\/tr>\n<\/tbody>\n<\/table>\n<p>&nbsp;<\/p>\n<table style=\"border-collapse: collapse; width: 100%;\">\n<thead>\n<tr>\n<th colspan=\"3\">Anima\u00e7\u00f5es<\/th>\n<\/tr>\n<\/thead>\n<tbody>\n<tr>\n<td style=\"width: 33.3333%; text-align: center;\"><span style=\"font-family: arial, helvetica, sans-serif; font-size: 12pt;\"><strong>Interactive Animated Eyes<\/strong><\/span><\/p>\n<p><img loading=\"lazy\" decoding=\"async\" class=\"alignnone wp-image-371\" src=\"https:\/\/urutaudev.com.br\/wp-content\/uploads\/2024\/12\/aaaaaaaaaaaaaaaaa-300x168.jpg\" alt=\"Interactive Animated Eyes\" width=\"269\" height=\"127\" \/><\/p>\n<p><a href=\"https:\/\/urutaudev.com.br\/aplicativos\/animacoes\/interactive-animated-eyes\/\">Interactive Animated Eyes<\/a><\/td>\n<td style=\"width: 33.3333%; text-align: center;\"><\/td>\n<td style=\"width: 33.3333%; text-align: center;\"><\/td>\n<\/tr>\n<\/tbody>\n<\/table>\n<p>&nbsp;<\/p>\n<h2>Refer\u00eancias:<\/h2>\n<p><a href=\"https:\/\/dev.java\">dev.java<\/a><br \/>\n<script async src=\"https:\/\/pagead2.googlesyndication.com\/pagead\/js\/adsbygoogle.js?client=ca-pub-4457303488648074\" crossorigin=\"anonymous\"><\/script><\/p>\n","protected":false},"excerpt":{"rendered":"<p>Aplicativos Explore uma cole\u00e7\u00e3o de aplicativos, cada um desenvolvido durante os v\u00eddeos e tutoriais. Aqui, voc\u00ea encontrar\u00e1 uma variedade de<\/p>\n","protected":false},"author":1,"featured_media":0,"parent":0,"menu_order":0,"comment_status":"closed","ping_status":"closed","template":"","meta":{"colormag_page_container_layout":"default_layout","colormag_page_sidebar_layout":"default_layout","footnotes":""},"class_list":["post-170","page","type-page","status-publish","hentry"],"yoast_head":"<!-- This site is optimized with the Yoast SEO plugin v27.3 - https:\/\/yoast.com\/product\/yoast-seo-wordpress\/ -->\n<title>Aplicativos - UrutauDev<\/title>\n<meta name=\"description\" content=\"Est\u00e1 p\u00e1gina cont\u00e9m todos os aplicativos criados durante a execu\u00e7\u00e3o dos v\u00eddeos e tutorias existentes neste site.\" \/>\n<meta name=\"robots\" content=\"index, follow, max-snippet:-1, max-image-preview:large, max-video-preview:-1\" \/>\n<link rel=\"canonical\" href=\"https:\/\/urutaudev.com.br\/index.php\/aplicativos\/\" \/>\n<meta property=\"og:locale\" content=\"en_US\" \/>\n<meta property=\"og:type\" content=\"article\" \/>\n<meta property=\"og:title\" content=\"Aplicativos - UrutauDev\" \/>\n<meta property=\"og:description\" content=\"Est\u00e1 p\u00e1gina cont\u00e9m todos os aplicativos criados durante a execu\u00e7\u00e3o dos v\u00eddeos e tutorias existentes neste site.\" \/>\n<meta property=\"og:url\" content=\"https:\/\/urutaudev.com.br\/index.php\/aplicativos\/\" \/>\n<meta property=\"og:site_name\" content=\"UrutauDev\" \/>\n<meta property=\"article:modified_time\" content=\"2025-06-01T01:27:28+00:00\" \/>\n<meta property=\"og:image\" content=\"https:\/\/urutaudev.com.br\/wp-content\/uploads\/2024\/07\/imagem_2024-07-10_191220580.png\" \/>\n\t<meta property=\"og:image:width\" content=\"541\" \/>\n\t<meta property=\"og:image:height\" content=\"434\" \/>\n\t<meta property=\"og:image:type\" content=\"image\/png\" \/>\n<meta name=\"twitter:card\" content=\"summary_large_image\" \/>\n<meta name=\"twitter:label1\" content=\"Est. reading time\" \/>\n\t<meta name=\"twitter:data1\" content=\"2 minutes\" \/>\n<script type=\"application\/ld+json\" class=\"yoast-schema-graph\">{\"@context\":\"https:\\\/\\\/schema.org\",\"@graph\":[{\"@type\":\"WebPage\",\"@id\":\"https:\\\/\\\/urutaudev.com.br\\\/index.php\\\/aplicativos\\\/\",\"url\":\"https:\\\/\\\/urutaudev.com.br\\\/index.php\\\/aplicativos\\\/\",\"name\":\"Aplicativos - UrutauDev\",\"isPartOf\":{\"@id\":\"https:\\\/\\\/urutaudev.com.br\\\/#website\"},\"primaryImageOfPage\":{\"@id\":\"https:\\\/\\\/urutaudev.com.br\\\/index.php\\\/aplicativos\\\/#primaryimage\"},\"image\":{\"@id\":\"https:\\\/\\\/urutaudev.com.br\\\/index.php\\\/aplicativos\\\/#primaryimage\"},\"thumbnailUrl\":\"https:\\\/\\\/urutaudev.com.br\\\/wp-content\\\/uploads\\\/2024\\\/07\\\/imagem_2024-07-10_191220580-300x241.png\",\"datePublished\":\"2023-09-16T23:21:53+00:00\",\"dateModified\":\"2025-06-01T01:27:28+00:00\",\"description\":\"Est\u00e1 p\u00e1gina cont\u00e9m todos os aplicativos criados durante a execu\u00e7\u00e3o dos v\u00eddeos e tutorias existentes neste site.\",\"breadcrumb\":{\"@id\":\"https:\\\/\\\/urutaudev.com.br\\\/index.php\\\/aplicativos\\\/#breadcrumb\"},\"inLanguage\":\"en-US\",\"potentialAction\":[{\"@type\":\"ReadAction\",\"target\":[\"https:\\\/\\\/urutaudev.com.br\\\/index.php\\\/aplicativos\\\/\"]}]},{\"@type\":\"ImageObject\",\"inLanguage\":\"en-US\",\"@id\":\"https:\\\/\\\/urutaudev.com.br\\\/index.php\\\/aplicativos\\\/#primaryimage\",\"url\":\"https:\\\/\\\/urutaudev.com.br\\\/wp-content\\\/uploads\\\/2024\\\/07\\\/imagem_2024-07-10_191220580.png\",\"contentUrl\":\"https:\\\/\\\/urutaudev.com.br\\\/wp-content\\\/uploads\\\/2024\\\/07\\\/imagem_2024-07-10_191220580.png\",\"width\":541,\"height\":434,\"caption\":\"pomodoro\"},{\"@type\":\"BreadcrumbList\",\"@id\":\"https:\\\/\\\/urutaudev.com.br\\\/index.php\\\/aplicativos\\\/#breadcrumb\",\"itemListElement\":[{\"@type\":\"ListItem\",\"position\":1,\"name\":\"In\u00edcio\",\"item\":\"https:\\\/\\\/urutaudev.com.br\\\/\"},{\"@type\":\"ListItem\",\"position\":2,\"name\":\"Aplicativos\"}]},{\"@type\":\"WebSite\",\"@id\":\"https:\\\/\\\/urutaudev.com.br\\\/#website\",\"url\":\"https:\\\/\\\/urutaudev.com.br\\\/\",\"name\":\"UrutauDev\",\"description\":\"\",\"publisher\":{\"@id\":\"https:\\\/\\\/urutaudev.com.br\\\/#organization\"},\"potentialAction\":[{\"@type\":\"SearchAction\",\"target\":{\"@type\":\"EntryPoint\",\"urlTemplate\":\"https:\\\/\\\/urutaudev.com.br\\\/?s={search_term_string}\"},\"query-input\":{\"@type\":\"PropertyValueSpecification\",\"valueRequired\":true,\"valueName\":\"search_term_string\"}}],\"inLanguage\":\"en-US\"},{\"@type\":\"Organization\",\"@id\":\"https:\\\/\\\/urutaudev.com.br\\\/#organization\",\"name\":\"UrutauDev\",\"url\":\"https:\\\/\\\/urutaudev.com.br\\\/\",\"logo\":{\"@type\":\"ImageObject\",\"inLanguage\":\"en-US\",\"@id\":\"https:\\\/\\\/urutaudev.com.br\\\/#\\\/schema\\\/logo\\\/image\\\/\",\"url\":\"https:\\\/\\\/urutaudev.com.br\\\/wp-content\\\/uploads\\\/2023\\\/08\\\/cropped-urutau-dev-logo.png\",\"contentUrl\":\"https:\\\/\\\/urutaudev.com.br\\\/wp-content\\\/uploads\\\/2023\\\/08\\\/cropped-urutau-dev-logo.png\",\"width\":100,\"height\":84,\"caption\":\"UrutauDev\"},\"image\":{\"@id\":\"https:\\\/\\\/urutaudev.com.br\\\/#\\\/schema\\\/logo\\\/image\\\/\"}}]}<\/script>\n<!-- \/ Yoast SEO plugin. -->","yoast_head_json":{"title":"Aplicativos - UrutauDev","description":"Est\u00e1 p\u00e1gina cont\u00e9m todos os aplicativos criados durante a execu\u00e7\u00e3o dos v\u00eddeos e tutorias existentes neste site.","robots":{"index":"index","follow":"follow","max-snippet":"max-snippet:-1","max-image-preview":"max-image-preview:large","max-video-preview":"max-video-preview:-1"},"canonical":"https:\/\/urutaudev.com.br\/index.php\/aplicativos\/","og_locale":"en_US","og_type":"article","og_title":"Aplicativos - UrutauDev","og_description":"Est\u00e1 p\u00e1gina cont\u00e9m todos os aplicativos criados durante a execu\u00e7\u00e3o dos v\u00eddeos e tutorias existentes neste site.","og_url":"https:\/\/urutaudev.com.br\/index.php\/aplicativos\/","og_site_name":"UrutauDev","article_modified_time":"2025-06-01T01:27:28+00:00","og_image":[{"width":541,"height":434,"url":"https:\/\/urutaudev.com.br\/wp-content\/uploads\/2024\/07\/imagem_2024-07-10_191220580.png","type":"image\/png"}],"twitter_card":"summary_large_image","twitter_misc":{"Est. reading time":"2 minutes"},"schema":{"@context":"https:\/\/schema.org","@graph":[{"@type":"WebPage","@id":"https:\/\/urutaudev.com.br\/index.php\/aplicativos\/","url":"https:\/\/urutaudev.com.br\/index.php\/aplicativos\/","name":"Aplicativos - UrutauDev","isPartOf":{"@id":"https:\/\/urutaudev.com.br\/#website"},"primaryImageOfPage":{"@id":"https:\/\/urutaudev.com.br\/index.php\/aplicativos\/#primaryimage"},"image":{"@id":"https:\/\/urutaudev.com.br\/index.php\/aplicativos\/#primaryimage"},"thumbnailUrl":"https:\/\/urutaudev.com.br\/wp-content\/uploads\/2024\/07\/imagem_2024-07-10_191220580-300x241.png","datePublished":"2023-09-16T23:21:53+00:00","dateModified":"2025-06-01T01:27:28+00:00","description":"Est\u00e1 p\u00e1gina cont\u00e9m todos os aplicativos criados durante a execu\u00e7\u00e3o dos v\u00eddeos e tutorias existentes neste site.","breadcrumb":{"@id":"https:\/\/urutaudev.com.br\/index.php\/aplicativos\/#breadcrumb"},"inLanguage":"en-US","potentialAction":[{"@type":"ReadAction","target":["https:\/\/urutaudev.com.br\/index.php\/aplicativos\/"]}]},{"@type":"ImageObject","inLanguage":"en-US","@id":"https:\/\/urutaudev.com.br\/index.php\/aplicativos\/#primaryimage","url":"https:\/\/urutaudev.com.br\/wp-content\/uploads\/2024\/07\/imagem_2024-07-10_191220580.png","contentUrl":"https:\/\/urutaudev.com.br\/wp-content\/uploads\/2024\/07\/imagem_2024-07-10_191220580.png","width":541,"height":434,"caption":"pomodoro"},{"@type":"BreadcrumbList","@id":"https:\/\/urutaudev.com.br\/index.php\/aplicativos\/#breadcrumb","itemListElement":[{"@type":"ListItem","position":1,"name":"In\u00edcio","item":"https:\/\/urutaudev.com.br\/"},{"@type":"ListItem","position":2,"name":"Aplicativos"}]},{"@type":"WebSite","@id":"https:\/\/urutaudev.com.br\/#website","url":"https:\/\/urutaudev.com.br\/","name":"UrutauDev","description":"","publisher":{"@id":"https:\/\/urutaudev.com.br\/#organization"},"potentialAction":[{"@type":"SearchAction","target":{"@type":"EntryPoint","urlTemplate":"https:\/\/urutaudev.com.br\/?s={search_term_string}"},"query-input":{"@type":"PropertyValueSpecification","valueRequired":true,"valueName":"search_term_string"}}],"inLanguage":"en-US"},{"@type":"Organization","@id":"https:\/\/urutaudev.com.br\/#organization","name":"UrutauDev","url":"https:\/\/urutaudev.com.br\/","logo":{"@type":"ImageObject","inLanguage":"en-US","@id":"https:\/\/urutaudev.com.br\/#\/schema\/logo\/image\/","url":"https:\/\/urutaudev.com.br\/wp-content\/uploads\/2023\/08\/cropped-urutau-dev-logo.png","contentUrl":"https:\/\/urutaudev.com.br\/wp-content\/uploads\/2023\/08\/cropped-urutau-dev-logo.png","width":100,"height":84,"caption":"UrutauDev"},"image":{"@id":"https:\/\/urutaudev.com.br\/#\/schema\/logo\/image\/"}}]}},"_links":{"self":[{"href":"https:\/\/urutaudev.com.br\/index.php\/wp-json\/wp\/v2\/pages\/170","targetHints":{"allow":["GET"]}}],"collection":[{"href":"https:\/\/urutaudev.com.br\/index.php\/wp-json\/wp\/v2\/pages"}],"about":[{"href":"https:\/\/urutaudev.com.br\/index.php\/wp-json\/wp\/v2\/types\/page"}],"author":[{"embeddable":true,"href":"https:\/\/urutaudev.com.br\/index.php\/wp-json\/wp\/v2\/users\/1"}],"replies":[{"embeddable":true,"href":"https:\/\/urutaudev.com.br\/index.php\/wp-json\/wp\/v2\/comments?post=170"}],"version-history":[{"count":18,"href":"https:\/\/urutaudev.com.br\/index.php\/wp-json\/wp\/v2\/pages\/170\/revisions"}],"predecessor-version":[{"id":1027,"href":"https:\/\/urutaudev.com.br\/index.php\/wp-json\/wp\/v2\/pages\/170\/revisions\/1027"}],"wp:attachment":[{"href":"https:\/\/urutaudev.com.br\/index.php\/wp-json\/wp\/v2\/media?parent=170"}],"curies":[{"name":"wp","href":"https:\/\/api.w.org\/{rel}","templated":true}]}}